{"id":313,"date":"2025-07-02T18:24:25","date_gmt":"2025-07-02T10:24:25","guid":{"rendered":"https:\/\/mechrank.com\/?page_id=313"},"modified":"2025-07-02T18:25:02","modified_gmt":"2025-07-02T10:25:02","slug":"privacy-policy","status":"publish","type":"page","link":"https:\/\/mechrank.com\/de\/privacy-policy\/","title":{"rendered":"Datenschutzbestimmungen"},"content":{"rendered":"<div data-elementor-type=\"wp-page\" data-elementor-id=\"313\" class=\"elementor elementor-313\" data-elementor-post-type=\"page\">\n\t\t\t\t<div class=\"elementor-element elementor-element-29a57f6 e-flex e-con-boxed e-con e-parent\" data-id=\"29a57f6\" data-element_type=\"container\" data-e-type=\"container\">\n\t\t\t\t\t<div class=\"e-con-inner\">\n\t\t\t\t<div class=\"elementor-element elementor-element-3f9be4f elementor-widget elementor-widget-heading\" data-id=\"3f9be4f\" data-element_type=\"widget\" data-e-type=\"widget\" data-widget_type=\"heading.default\">\n\t\t\t\t<div class=\"elementor-widget-container\">\n\t\t\t\t\t<h1 class=\"elementor-heading-title elementor-size-default\">Datenschutzbestimmungen<\/h1>\t\t\t\t<\/div>\n\t\t\t\t<\/div>\n\t\t\t\t<div class=\"elementor-element elementor-element-a6834dd elementor-widget elementor-widget-text-editor\" data-id=\"a6834dd\" data-element_type=\"widget\" data-e-type=\"widget\" data-widget_type=\"text-editor.default\">\n\t\t\t\t<div class=\"elementor-widget-container\">\n\t\t\t\t\t\t\t\t\t<p data-start=\"95\" data-end=\"147\"><br data-start=\"113\" data-end=\"116\" \/><strong data-start=\"116\" data-end=\"147\">Datenschutzrichtlinie f\u00fcr Mechrank<\/strong><\/p><p data-start=\"149\" data-end=\"377\">Unter <strong data-start=\"152\" data-end=\"164\">Mechrank<\/strong>, erreichbar von <a class=\"\" href=\"https:\/\/mechrank.com\/de\/\" target=\"_new\" rel=\"noopener\" data-start=\"182\" data-end=\"228\">https:\/\/mechrank.com\/<\/a>ist der Schutz Ihrer Privatsph\u00e4re eine Priorit\u00e4t. In dieser Datenschutzrichtlinie wird erl\u00e4utert, wie wir die von den Besuchern unserer Website gesammelten Informationen erfassen, verwenden und weitergeben.<\/p><h3 data-start=\"379\" data-end=\"400\">1. Einleitung<\/h3><p data-start=\"401\" data-end=\"617\">Diese Datenschutzrichtlinie gilt f\u00fcr die Erfassung, Verwendung und Weitergabe von personenbezogenen Daten, die von <strong data-start=\"502\" data-end=\"514\">Mechrank<\/strong>. Durch die Nutzung unserer Website erkl\u00e4ren Sie sich mit der Erfassung und Nutzung von Informationen in \u00dcbereinstimmung mit dieser Richtlinie einverstanden.<\/p><h3 data-start=\"619\" data-end=\"650\">2. Informationen, die wir sammeln<\/h3><ul data-start=\"651\" data-end=\"1045\"><li data-start=\"651\" data-end=\"853\"><p data-start=\"653\" data-end=\"853\"><strong data-start=\"653\" data-end=\"677\">Pers\u00f6nliche Informationen<\/strong>: Wir erfassen personenbezogene Daten, die Sie uns freiwillig zur Verf\u00fcgung stellen, wie z. B. Ihren Namen, Ihre E-Mail-Adresse und Ihre Kontaktdaten, wenn Sie sich registrieren, Updates abonnieren oder uns kontaktieren.<\/p><\/li><li data-start=\"854\" data-end=\"1045\"><p data-start=\"856\" data-end=\"1045\"><strong data-start=\"856\" data-end=\"895\">Automatisch gesammelte Informationen<\/strong>: Wir k\u00f6nnen technische Informationen, einschlie\u00dflich Ihrer IP-Adresse, des Browsertyps, des Betriebssystems und der Nutzungsdaten sammeln, um die Leistung der Website zu verbessern.<\/p><\/li><\/ul><h3 data-start=\"1047\" data-end=\"1083\">3. Wie wir Ihre Informationen verwenden<\/h3><p data-start=\"1084\" data-end=\"1133\"><strong data-start=\"1084\" data-end=\"1096\">Mechrank<\/strong> verwendet die gesammelten Informationen, um:<\/p><ul data-start=\"1134\" data-end=\"1351\"><li data-start=\"1134\" data-end=\"1189\"><p data-start=\"1136\" data-end=\"1189\">Erweiterung und Verbesserung der Funktionen und Dienste der Website<\/p><\/li><li data-start=\"1190\" data-end=\"1243\"><p data-start=\"1192\" data-end=\"1243\">Beantwortung von Kundenanfragen und Bereitstellung von Unterst\u00fctzung<\/p><\/li><li data-start=\"1244\" data-end=\"1317\"><p data-start=\"1246\" data-end=\"1317\">Versenden von Marketing- und Werbenachrichten (Sie k\u00f6nnen sich jederzeit abmelden)<\/p><\/li><li data-start=\"1318\" data-end=\"1351\"><p data-start=\"1320\" data-end=\"1351\">Einhaltung der rechtlichen Verpflichtungen<\/p><\/li><\/ul><h3 data-start=\"1353\" data-end=\"1396\">4. Weitergabe und Offenlegung von Informationen<\/h3><p data-start=\"1397\" data-end=\"1481\">Wir geben Ihre pers\u00f6nlichen Daten nicht an Dritte weiter, verkaufen oder vermieten sie nicht, au\u00dfer:<\/p><ul data-start=\"1482\" data-end=\"1631\"><li data-start=\"1482\" data-end=\"1578\"><p data-start=\"1484\" data-end=\"1578\">mit Dienstleistern, die uns beim Website-Hosting, der Datenanalyse und der Kundenbetreuung unterst\u00fctzen<\/p><\/li><li data-start=\"1579\" data-end=\"1631\"><p data-start=\"1581\" data-end=\"1631\">Wenn dies aufgrund von Gesetzen, Vorschriften oder rechtlichen Verfahren erforderlich ist<\/p><\/li><\/ul><h3 data-start=\"1633\" data-end=\"1655\">5. Datensicherheit<\/h3><p data-start=\"1656\" data-end=\"1854\">Wir treffen Vorkehrungen zum Schutz Ihrer Daten, indem wir Verschl\u00fcsselungs- und Sicherheitsprotokolle nach Industriestandard verwenden. Bitte beachten Sie jedoch, dass keine Methode der Internet\u00fcbertragung oder -speicherung v\u00f6llig sicher ist.<\/p><h3 data-start=\"1856\" data-end=\"1898\">6. Cookies und Tracking-Technologien<\/h3><p data-start=\"1899\" data-end=\"2144\"><strong data-start=\"1899\" data-end=\"1911\">Mechrank<\/strong> verwendet Cookies und \u00e4hnliche Tracking-Technologien, um Ihr Browsing-Erlebnis zu verbessern, den Website-Verkehr zu analysieren und personalisierte Inhalte zu liefern. Sie k\u00f6nnen Cookies in den Einstellungen Ihres Browsers deaktivieren, allerdings k\u00f6nnen dadurch einige Funktionen der Website beeintr\u00e4chtigt werden.<\/p><h3 data-start=\"2146\" data-end=\"2166\">7. Benutzerrechte<\/h3><p data-start=\"2167\" data-end=\"2263\">Je nach Gerichtsbarkeit haben Sie m\u00f6glicherweise Rechte an Ihren pers\u00f6nlichen Daten, darunter auch das Recht auf Auskunft:<\/p><ul data-start=\"2264\" data-end=\"2383\"><li data-start=\"2264\" data-end=\"2319\"><p data-start=\"2266\" data-end=\"2319\">Zugriff auf Ihre personenbezogenen Daten, deren Aktualisierung oder L\u00f6schung<\/p><\/li><li data-start=\"2320\" data-end=\"2383\"><p data-start=\"2322\" data-end=\"2383\">Einspruch gegen die Datenverarbeitung oder Antrag auf Datenbeschr\u00e4nkung<\/p><\/li><\/ul><p data-start=\"2385\" data-end=\"2457\">Um diese Rechte auszu\u00fcben, kontaktieren Sie uns bitte unter <strong data-start=\"2432\" data-end=\"2456\"><a class=\"cursor-pointer\" rel=\"noopener\" data-start=\"2434\" data-end=\"2454\">support@mechrank.com<\/a><\/strong>.<\/p><h3 data-start=\"2459\" data-end=\"2493\">8. \u00c4nderungen der Datenschutzrichtlinie<\/h3><p data-start=\"2494\" data-end=\"2650\"><strong data-start=\"2494\" data-end=\"2506\">Mechrank<\/strong> beh\u00e4lt sich das Recht vor, diese Datenschutzrichtlinie zu aktualisieren. \u00c4nderungen werden auf dieser Seite ver\u00f6ffentlicht, und wir empfehlen Ihnen, diese Richtlinie regelm\u00e4\u00dfig zu \u00fcberpr\u00fcfen.<\/p><h3 data-start=\"2652\" data-end=\"2671\">9. Kontakt<\/h3><p data-start=\"2672\" data-end=\"2787\">Wenn Sie Fragen oder Bedenken bez\u00fcglich dieser Datenschutzrichtlinie haben, kontaktieren Sie uns bitte unter <strong data-start=\"2762\" data-end=\"2786\"><a class=\"cursor-pointer\" rel=\"noopener\" data-start=\"2764\" data-end=\"2784\">info@mechrank.com<\/a><\/strong>.<\/p>\t\t\t\t\t\t\t\t<\/div>\n\t\t\t\t<\/div>\n\t\t\t\t\t<\/div>\n\t\t\t\t<\/div>\n\t\t\t\t<\/div>","protected":false},"excerpt":{"rendered":"<p>Privacy Policy Privacy Policy for Mechrank At Mechrank, accessible from https:\/\/mechrank.com\/, protecting your privacy is a priority. This Privacy Policy explains how we collect, use, and share information collected from visitors to our Site. 1. Introduction This Privacy Policy applies to the collection, use, and sharing of personal information collected by Mechrank. By using our [&hellip;]<\/p>","protected":false},"author":1,"featured_media":0,"parent":0,"menu_order":0,"comment_status":"closed","ping_status":"closed","template":"","meta":{"_seopress_robots_primary_cat":"","_seopress_titles_title":"","_seopress_titles_desc":"","_seopress_robots_index":"","footnotes":""},"class_list":["post-313","page","type-page","status-publish","hentry"],"_links":{"self":[{"href":"https:\/\/mechrank.com\/de\/wp-json\/wp\/v2\/pages\/313","targetHints":{"allow":["GET"]}}],"collection":[{"href":"https:\/\/mechrank.com\/de\/wp-json\/wp\/v2\/pages"}],"about":[{"href":"https:\/\/mechrank.com\/de\/wp-json\/wp\/v2\/types\/page"}],"author":[{"embeddable":true,"href":"https:\/\/mechrank.com\/de\/wp-json\/wp\/v2\/users\/1"}],"replies":[{"embeddable":true,"href":"https:\/\/mechrank.com\/de\/wp-json\/wp\/v2\/comments?post=313"}],"version-history":[{"count":4,"href":"https:\/\/mechrank.com\/de\/wp-json\/wp\/v2\/pages\/313\/revisions"}],"predecessor-version":[{"id":320,"href":"https:\/\/mechrank.com\/de\/wp-json\/wp\/v2\/pages\/313\/revisions\/320"}],"wp:attachment":[{"href":"https:\/\/mechrank.com\/de\/wp-json\/wp\/v2\/media?parent=313"}],"curies":[{"name":"wp","href":"https:\/\/api.w.org\/{rel}","templated":true}]}}