{"id":305,"date":"2025-07-02T18:22:55","date_gmt":"2025-07-02T10:22:55","guid":{"rendered":"https:\/\/mechrank.com\/?page_id=305"},"modified":"2025-07-02T18:23:35","modified_gmt":"2025-07-02T10:23:35","slug":"terms-of-use","status":"publish","type":"page","link":"https:\/\/mechrank.com\/es\/terms-of-use\/","title":{"rendered":"Condiciones de uso"},"content":{"rendered":"<div data-elementor-type=\"wp-page\" data-elementor-id=\"305\" class=\"elementor elementor-305\" data-elementor-post-type=\"page\">\n\t\t\t\t<div class=\"elementor-element elementor-element-a202008 e-flex e-con-boxed e-con e-parent\" data-id=\"a202008\" data-element_type=\"container\" data-e-type=\"container\">\n\t\t\t\t\t<div class=\"e-con-inner\">\n\t\t\t\t<div class=\"elementor-element elementor-element-fe8e25a elementor-widget elementor-widget-text-editor\" data-id=\"fe8e25a\" data-element_type=\"widget\" data-e-type=\"widget\" data-widget_type=\"text-editor.default\">\n\t\t\t\t<div class=\"elementor-widget-container\">\n\t\t\t\t\t\t\t\t\t<p data-start=\"74\" data-end=\"435\">Bienvenido a <strong data-start=\"104\" data-end=\"116\">Mechrank<\/strong>!<br data-start=\"117\" data-end=\"120\" \/>Las presentes Condiciones de Uso (\"Condiciones\") regulan el uso del sitio web ubicado en <a class=\"\" href=\"https:\/\/mechrank.com\/es\/\" target=\"_new\" rel=\"noopener\" data-start=\"191\" data-end=\"237\">https:\/\/mechrank.com\/<\/a> (el \"Sitio\") y los servicios prestados por <strong data-start=\"280\" data-end=\"292\">Mechrank<\/strong> (\"nosotros\", \"nos\" o \"nuestro\"). Al acceder o utilizar el Sitio, usted acepta cumplir estas Condiciones. Si no est\u00e1 de acuerdo, le rogamos que no utilice el Sitio.<\/p><h3 data-start=\"437\" data-end=\"465\">1. Aceptaci\u00f3n de las condiciones<\/h3><p data-start=\"466\" data-end=\"697\">Al acceder y utilizar nuestro Sitio, usted acepta y se compromete a cumplir estas Condiciones. Si utiliza el Sitio en nombre de una empresa, declara y garantiza que est\u00e1 autorizado a aceptar estas Condiciones en nombre de la empresa.<\/p><h3 data-start=\"699\" data-end=\"730\">2. Modificaci\u00f3n de las condiciones<\/h3><p data-start=\"731\" data-end=\"994\"><strong data-start=\"731\" data-end=\"743\">Mechrank<\/strong> se reserva el derecho a modificar estas Condiciones en cualquier momento. Cualquier cambio ser\u00e1 publicado en esta p\u00e1gina, y la fecha en la parte superior reflejar\u00e1 la \u00faltima revisi\u00f3n. Su uso continuado del Sitio despu\u00e9s de cualquier modificaci\u00f3n indica su aceptaci\u00f3n de los nuevos T\u00e9rminos.<\/p><h3 data-start=\"996\" data-end=\"1020\">3. 3. Uso del sitio web<\/h3><p data-start=\"1021\" data-end=\"1273\">Usted se compromete a utilizar el Sitio \u00fanicamente con fines l\u00edcitos y de forma que no infrinja los derechos de terceros, ni restrinja o inhiba el uso del Sitio por parte de terceros. Cualquier uso no autorizado del Sitio puede dar lugar a la suspensi\u00f3n o cancelaci\u00f3n de su acceso.<\/p><h3 data-start=\"1275\" data-end=\"1308\">4. Responsabilidades de la cuenta<\/h3><p data-start=\"1309\" data-end=\"1596\">Si crea una cuenta en nuestro Sitio, usted es responsable de mantener la confidencialidad de su informaci\u00f3n de acceso. Usted se compromete a proporcionar informaci\u00f3n precisa y completa y a actualizarla cuando sea necesario. <strong data-start=\"1513\" data-end=\"1525\">Mechrank<\/strong> no se hace responsable de ning\u00fan acceso o actividad no autorizados en su cuenta.<\/p><h3 data-start=\"1598\" data-end=\"1628\">5. 5. Propiedad intelectual<\/h3><p data-start=\"1629\" data-end=\"1899\">Todos los contenidos, caracter\u00edsticas y funcionalidades del Sitio, incluidos textos, im\u00e1genes, logotipos, gr\u00e1ficos y software, son propiedad o est\u00e1n bajo licencia de <strong data-start=\"1766\" data-end=\"1778\">Mechrank<\/strong> y est\u00e1n protegidos por las leyes de propiedad intelectual aplicables. El uso no autorizado de cualquier contenido del Sitio est\u00e1 estrictamente prohibido.<\/p><h3 data-start=\"1901\" data-end=\"1932\">6. Contenidos generados por los usuarios<\/h3><p data-start=\"1933\" data-end=\"2240\">Si env\u00eda contenidos al Sitio, incluidos comentarios, rese\u00f1as u otros contenidos generados por los usuarios, usted garantiza que <strong data-start=\"2040\" data-end=\"2052\">Mechrank<\/strong> una licencia mundial no exclusiva para utilizar, mostrar y distribuir este contenido. Nos reservamos el derecho a revisar y eliminar cualquier contenido que consideremos inapropiado o que infrinja estas Condiciones.<\/p><h3 data-start=\"2242\" data-end=\"2274\">7. Limitaci\u00f3n de responsabilidad<\/h3><p data-start=\"2275\" data-end=\"2523\"><strong data-start=\"2275\" data-end=\"2287\">Mechrank<\/strong> no ser\u00e1 responsable de ning\u00fan da\u00f1o directo, indirecto, incidental o consecuente derivado de su uso del Sitio o de su incapacidad para utilizarlo. Esto incluye cualquier p\u00e9rdida comercial o de datos asociada a los servicios del Sitio.<\/p><h3 data-start=\"2525\" data-end=\"2551\">8. Enlaces de terceros<\/h3><p data-start=\"2552\" data-end=\"2759\">El Sitio puede contener enlaces a sitios web de terceros. <strong data-start=\"2604\" data-end=\"2616\">Mechrank<\/strong> no es responsable del contenido ni de la exactitud de la informaci\u00f3n de los sitios de terceros y no los respalda ni asume responsabilidad alguna por ellos.<\/p><h3 data-start=\"2761\" data-end=\"2781\">9. Terminaci\u00f3n<\/h3><p data-start=\"2782\" data-end=\"2921\"><strong data-start=\"2782\" data-end=\"2794\">Mechrank<\/strong> podr\u00e1 cancelar o suspender el acceso al Sitio sin previo aviso por conductas que infrinjan estas Condiciones o sean perjudiciales para otros usuarios.<\/p><h3 data-start=\"2923\" data-end=\"2946\">10. Derecho aplicable<\/h3><p data-start=\"2947\" data-end=\"3099\">Estas Condiciones y cualquier disputa que surja de su uso del Sitio se regir\u00e1n e interpretar\u00e1n de acuerdo con las leyes de su jurisdicci\u00f3n local.<\/p><p data-start=\"3101\" data-end=\"3184\">Si tiene preguntas sobre estas Condiciones, p\u00f3ngase en contacto con nosotros en <strong data-start=\"3159\" data-end=\"3183\"><a class=\"cursor-pointer\" rel=\"noopener\" data-start=\"3161\" data-end=\"3181\">info@mechrank.com<\/a><\/strong>.<\/p>\t\t\t\t\t\t\t\t<\/div>\n\t\t\t\t<\/div>\n\t\t\t\t\t<\/div>\n\t\t\t\t<\/div>\n\t\t\t\t<\/div>","protected":false},"excerpt":{"rendered":"<p>Welcome to Mechrank!These Terms of Use (\u201cTerms\u201d) govern your use of the website located at https:\/\/mechrank.com\/ (the \u201cSite\u201d) and the services provided by Mechrank (\u201cwe,\u201d \u201cus,\u201d or \u201cour\u201d). By accessing or using the Site, you agree to comply with these Terms. If you do not agree, please do not use the Site. 1. Acceptance of [&hellip;]<\/p>","protected":false},"author":1,"featured_media":0,"parent":0,"menu_order":0,"comment_status":"closed","ping_status":"closed","template":"","meta":{"_seopress_robots_primary_cat":"","_seopress_titles_title":"","_seopress_titles_desc":"","_seopress_robots_index":"","footnotes":""},"class_list":["post-305","page","type-page","status-publish","hentry"],"_links":{"self":[{"href":"https:\/\/mechrank.com\/es\/wp-json\/wp\/v2\/pages\/305","targetHints":{"allow":["GET"]}}],"collection":[{"href":"https:\/\/mechrank.com\/es\/wp-json\/wp\/v2\/pages"}],"about":[{"href":"https:\/\/mechrank.com\/es\/wp-json\/wp\/v2\/types\/page"}],"author":[{"embeddable":true,"href":"https:\/\/mechrank.com\/es\/wp-json\/wp\/v2\/users\/1"}],"replies":[{"embeddable":true,"href":"https:\/\/mechrank.com\/es\/wp-json\/wp\/v2\/comments?post=305"}],"version-history":[{"count":4,"href":"https:\/\/mechrank.com\/es\/wp-json\/wp\/v2\/pages\/305\/revisions"}],"predecessor-version":[{"id":312,"href":"https:\/\/mechrank.com\/es\/wp-json\/wp\/v2\/pages\/305\/revisions\/312"}],"wp:attachment":[{"href":"https:\/\/mechrank.com\/es\/wp-json\/wp\/v2\/media?parent=305"}],"curies":[{"name":"wp","href":"https:\/\/api.w.org\/{rel}","templated":true}]}}