{"id":313,"date":"2025-07-02T18:24:25","date_gmt":"2025-07-02T10:24:25","guid":{"rendered":"https:\/\/mechrank.com\/?page_id=313"},"modified":"2025-07-02T18:25:02","modified_gmt":"2025-07-02T10:25:02","slug":"privacy-policy","status":"publish","type":"page","link":"https:\/\/mechrank.com\/es\/privacy-policy\/","title":{"rendered":"Pol\u00edtica de privacidad"},"content":{"rendered":"<div data-elementor-type=\"wp-page\" data-elementor-id=\"313\" class=\"elementor elementor-313\" data-elementor-post-type=\"page\">\n\t\t\t\t<div class=\"elementor-element elementor-element-29a57f6 e-flex e-con-boxed e-con e-parent\" data-id=\"29a57f6\" data-element_type=\"container\" data-e-type=\"container\">\n\t\t\t\t\t<div class=\"e-con-inner\">\n\t\t\t\t<div class=\"elementor-element elementor-element-3f9be4f elementor-widget elementor-widget-heading\" data-id=\"3f9be4f\" data-element_type=\"widget\" data-e-type=\"widget\" data-widget_type=\"heading.default\">\n\t\t\t\t<div class=\"elementor-widget-container\">\n\t\t\t\t\t<h1 class=\"elementor-heading-title elementor-size-default\">Pol\u00edtica de privacidad<\/h1>\t\t\t\t<\/div>\n\t\t\t\t<\/div>\n\t\t\t\t<div class=\"elementor-element elementor-element-a6834dd elementor-widget elementor-widget-text-editor\" data-id=\"a6834dd\" data-element_type=\"widget\" data-e-type=\"widget\" data-widget_type=\"text-editor.default\">\n\t\t\t\t<div class=\"elementor-widget-container\">\n\t\t\t\t\t\t\t\t\t<p data-start=\"95\" data-end=\"147\"><br data-start=\"113\" data-end=\"116\" \/><strong data-start=\"116\" data-end=\"147\">Pol\u00edtica de privacidad de Mechrank<\/strong><\/p><p data-start=\"149\" data-end=\"377\">En <strong data-start=\"152\" data-end=\"164\">Mechrank<\/strong>accesible desde <a class=\"\" href=\"https:\/\/mechrank.com\/es\/\" target=\"_new\" rel=\"noopener\" data-start=\"182\" data-end=\"228\">https:\/\/mechrank.com\/<\/a>proteger su privacidad es una prioridad. Esta Pol\u00edtica de Privacidad explica c\u00f3mo recopilamos, utilizamos y compartimos la informaci\u00f3n recogida de los visitantes de nuestro Sitio.<\/p><h3 data-start=\"379\" data-end=\"400\">1. Introducci\u00f3n<\/h3><p data-start=\"401\" data-end=\"617\">La presente Pol\u00edtica de Privacidad se aplica a la recogida, uso e intercambio de informaci\u00f3n personal recogida por <strong data-start=\"502\" data-end=\"514\">Mechrank<\/strong>. Al utilizar nuestro Sitio, usted acepta la recopilaci\u00f3n y el uso de la informaci\u00f3n de acuerdo con esta pol\u00edtica.<\/p><h3 data-start=\"619\" data-end=\"650\">2. Informaci\u00f3n que recopilamos<\/h3><ul data-start=\"651\" data-end=\"1045\"><li data-start=\"651\" data-end=\"853\"><p data-start=\"653\" data-end=\"853\"><strong data-start=\"653\" data-end=\"677\">Informaci\u00f3n personal<\/strong>: Recopilamos informaci\u00f3n personal que usted nos proporciona voluntariamente, como su nombre, direcci\u00f3n de correo electr\u00f3nico y datos de contacto cuando se registra, se suscribe a las actualizaciones o se pone en contacto con nosotros.<\/p><\/li><li data-start=\"854\" data-end=\"1045\"><p data-start=\"856\" data-end=\"1045\"><strong data-start=\"856\" data-end=\"895\">Informaci\u00f3n recopilada autom\u00e1ticamente<\/strong>: Podemos recopilar informaci\u00f3n t\u00e9cnica, incluyendo su direcci\u00f3n IP, tipo de navegador, sistema operativo y datos de uso para ayudarnos a mejorar el rendimiento del Sitio.<\/p><\/li><\/ul><h3 data-start=\"1047\" data-end=\"1083\">3. C\u00f3mo utilizamos su informaci\u00f3n<\/h3><p data-start=\"1084\" data-end=\"1133\"><strong data-start=\"1084\" data-end=\"1096\">Mechrank<\/strong> utiliza la informaci\u00f3n recogida para:<\/p><ul data-start=\"1134\" data-end=\"1351\"><li data-start=\"1134\" data-end=\"1189\"><p data-start=\"1136\" data-end=\"1189\">Aumentar y mejorar la funcionalidad y los servicios del sitio<\/p><\/li><li data-start=\"1190\" data-end=\"1243\"><p data-start=\"1192\" data-end=\"1243\">Responder a las consultas de los clientes y prestarles asistencia<\/p><\/li><li data-start=\"1244\" data-end=\"1317\"><p data-start=\"1246\" data-end=\"1317\">Enviar mensajes promocionales y de marketing (puede darse de baja en cualquier momento)<\/p><\/li><li data-start=\"1318\" data-end=\"1351\"><p data-start=\"1320\" data-end=\"1351\">Cumplir las obligaciones legales<\/p><\/li><\/ul><h3 data-start=\"1353\" data-end=\"1396\">4. Intercambio y divulgaci\u00f3n de informaci\u00f3n<\/h3><p data-start=\"1397\" data-end=\"1481\">No compartimos, vendemos ni alquilamos su informaci\u00f3n personal a terceros, excepto:<\/p><ul data-start=\"1482\" data-end=\"1631\"><li data-start=\"1482\" data-end=\"1578\"><p data-start=\"1484\" data-end=\"1578\">Con proveedores de servicios que nos ayudan en el alojamiento de sitios web, el an\u00e1lisis de datos y la atenci\u00f3n al cliente.<\/p><\/li><li data-start=\"1579\" data-end=\"1631\"><p data-start=\"1581\" data-end=\"1631\">Si as\u00ed lo exigen las leyes, los reglamentos o los procedimientos judiciales<\/p><\/li><\/ul><h3 data-start=\"1633\" data-end=\"1655\">5. 5. Seguridad de los datos<\/h3><p data-start=\"1656\" data-end=\"1854\">Tomamos precauciones para proteger su informaci\u00f3n utilizando protocolos de encriptaci\u00f3n y seguridad est\u00e1ndar del sector. No obstante, tenga en cuenta que ning\u00fan m\u00e9todo de transmisi\u00f3n o almacenamiento en Internet es totalmente seguro.<\/p><h3 data-start=\"1856\" data-end=\"1898\">6. Cookies y tecnolog\u00edas de seguimiento<\/h3><p data-start=\"1899\" data-end=\"2144\"><strong data-start=\"1899\" data-end=\"1911\">Mechrank<\/strong> utiliza cookies y tecnolog\u00edas de seguimiento similares para mejorar su experiencia de navegaci\u00f3n, analizar el tr\u00e1fico del Sitio y ofrecer contenidos personalizados. Puede desactivar las cookies en la configuraci\u00f3n de su navegador, aunque algunas funciones del sitio pueden verse afectadas.<\/p><h3 data-start=\"2146\" data-end=\"2166\">7. Derechos del usuario<\/h3><p data-start=\"2167\" data-end=\"2263\">Dependiendo de su jurisdicci\u00f3n, usted puede tener derechos sobre su informaci\u00f3n personal, incluyendo:<\/p><ul data-start=\"2264\" data-end=\"2383\"><li data-start=\"2264\" data-end=\"2319\"><p data-start=\"2266\" data-end=\"2319\">Acceder a sus datos personales, actualizarlos o eliminarlos<\/p><\/li><li data-start=\"2320\" data-end=\"2383\"><p data-start=\"2322\" data-end=\"2383\">Oponerse al tratamiento de datos o solicitar su limitaci\u00f3n<\/p><\/li><\/ul><p data-start=\"2385\" data-end=\"2457\">Para ejercer estos derechos, p\u00f3ngase en contacto con nosotros en <strong data-start=\"2432\" data-end=\"2456\"><a class=\"cursor-pointer\" rel=\"noopener\" data-start=\"2434\" data-end=\"2454\">support@mechrank.com<\/a><\/strong>.<\/p><h3 data-start=\"2459\" data-end=\"2493\">8. Cambios en la pol\u00edtica de privacidad<\/h3><p data-start=\"2494\" data-end=\"2650\"><strong data-start=\"2494\" data-end=\"2506\">Mechrank<\/strong> se reserva el derecho de actualizar esta Pol\u00edtica de Privacidad. Los cambios se publicar\u00e1n en esta p\u00e1gina, por lo que le recomendamos que la revise peri\u00f3dicamente.<\/p><h3 data-start=\"2652\" data-end=\"2671\">9. Contacto<\/h3><p data-start=\"2672\" data-end=\"2787\">Si tiene alguna pregunta o duda sobre esta Pol\u00edtica de Privacidad, p\u00f3ngase en contacto con nosotros en <strong data-start=\"2762\" data-end=\"2786\"><a class=\"cursor-pointer\" rel=\"noopener\" data-start=\"2764\" data-end=\"2784\">info@mechrank.com<\/a><\/strong>.<\/p>\t\t\t\t\t\t\t\t<\/div>\n\t\t\t\t<\/div>\n\t\t\t\t\t<\/div>\n\t\t\t\t<\/div>\n\t\t\t\t<\/div>","protected":false},"excerpt":{"rendered":"<p>Privacy Policy Privacy Policy for Mechrank At Mechrank, accessible from https:\/\/mechrank.com\/, protecting your privacy is a priority. This Privacy Policy explains how we collect, use, and share information collected from visitors to our Site. 1. Introduction This Privacy Policy applies to the collection, use, and sharing of personal information collected by Mechrank. By using our [&hellip;]<\/p>","protected":false},"author":1,"featured_media":0,"parent":0,"menu_order":0,"comment_status":"closed","ping_status":"closed","template":"","meta":{"_seopress_robots_primary_cat":"","_seopress_titles_title":"","_seopress_titles_desc":"","_seopress_robots_index":"","footnotes":""},"class_list":["post-313","page","type-page","status-publish","hentry"],"_links":{"self":[{"href":"https:\/\/mechrank.com\/es\/wp-json\/wp\/v2\/pages\/313","targetHints":{"allow":["GET"]}}],"collection":[{"href":"https:\/\/mechrank.com\/es\/wp-json\/wp\/v2\/pages"}],"about":[{"href":"https:\/\/mechrank.com\/es\/wp-json\/wp\/v2\/types\/page"}],"author":[{"embeddable":true,"href":"https:\/\/mechrank.com\/es\/wp-json\/wp\/v2\/users\/1"}],"replies":[{"embeddable":true,"href":"https:\/\/mechrank.com\/es\/wp-json\/wp\/v2\/comments?post=313"}],"version-history":[{"count":4,"href":"https:\/\/mechrank.com\/es\/wp-json\/wp\/v2\/pages\/313\/revisions"}],"predecessor-version":[{"id":320,"href":"https:\/\/mechrank.com\/es\/wp-json\/wp\/v2\/pages\/313\/revisions\/320"}],"wp:attachment":[{"href":"https:\/\/mechrank.com\/es\/wp-json\/wp\/v2\/media?parent=313"}],"curies":[{"name":"wp","href":"https:\/\/api.w.org\/{rel}","templated":true}]}}